{"id":325,"date":"2022-02-16T09:25:07","date_gmt":"2022-02-16T09:25:07","guid":{"rendered":"https:\/\/playground.papar.hr\/villa-privileggio\/aktivitaeten\/"},"modified":"2022-02-16T09:25:07","modified_gmt":"2022-02-16T09:25:07","slug":"aktivitaeten","status":"publish","type":"page","link":"https:\/\/www.villa-privileggio.hr\/de\/aktivitaeten\/","title":{"rendered":"Aktivit\u00e4ten"},"content":{"rendered":"<p>Ein kleines Fischerdorf in der N\u00e4he von Opatija, bekannt f\u00fcr seinen sch\u00f6nen Kiesstrand und seine ruhige Umgebung. Die Gastfreundschaft und der herzliche Empfang der Gastgeber von Mo\u0161\u0107eni\u010dka Draga werden Sie w\u00e4hrend des gesamten Aufenthalts auf Schritt und Tritt begleiten.<\/p>\n","protected":false},"excerpt":{"rendered":"<p>Ein kleines Fischerdorf in der N\u00e4he von Opatija, bekannt f\u00fcr seinen sch\u00f6nen Kiesstrand und seine ruhige Umgebung. Die Gastfreundschaft und der herzliche Empfang der Gastgeber von Mo\u0161\u0107eni\u010dka Draga werden Sie w\u00e4hrend des gesamten Aufenthalts auf Schritt und Tritt begleiten.<\/p>\n","protected":false},"author":3,"featured_media":0,"parent":0,"menu_order":0,"comment_status":"closed","ping_status":"closed","template":"information.php","meta":{"_acf_changed":false,"footnotes":""},"class_list":["post-325","page","type-page","status-publish","hentry"],"acf":[],"yoast_head":"<!-- This site is optimized with the Yoast SEO plugin v24.9 - https:\/\/yoast.com\/wordpress\/plugins\/seo\/ -->\n<title>Aktivit\u00e4ten - Villa Privileggio<\/title>\n<meta name=\"robots\" content=\"index, follow, max-snippet:-1, max-image-preview:large, max-video-preview:-1\" \/>\n<link rel=\"canonical\" href=\"https:\/\/www.villa-privileggio.hr\/de\/aktivitaeten\/\" \/>\n<meta property=\"og:locale\" content=\"de_DE\" \/>\n<meta property=\"og:type\" content=\"article\" \/>\n<meta property=\"og:title\" content=\"Aktivit\u00e4ten - Villa Privileggio\" \/>\n<meta property=\"og:description\" content=\"Ein kleines Fischerdorf in der N\u00e4he von Opatija, bekannt f\u00fcr seinen sch\u00f6nen Kiesstrand und seine ruhige Umgebung. Die Gastfreundschaft und der herzliche Empfang der Gastgeber von Mo\u0161\u0107eni\u010dka Draga werden Sie w\u00e4hrend des gesamten Aufenthalts auf Schritt und Tritt begleiten.\" \/>\n<meta property=\"og:url\" content=\"https:\/\/www.villa-privileggio.hr\/de\/aktivitaeten\/\" \/>\n<meta property=\"og:site_name\" content=\"Villa Privileggio\" \/>\n<meta name=\"twitter:card\" content=\"summary_large_image\" \/>\n<script type=\"application\/ld+json\" class=\"yoast-schema-graph\">{\"@context\":\"https:\/\/schema.org\",\"@graph\":[{\"@type\":\"WebPage\",\"@id\":\"https:\/\/www.villa-privileggio.hr\/de\/aktivitaeten\/\",\"url\":\"https:\/\/www.villa-privileggio.hr\/de\/aktivitaeten\/\",\"name\":\"Aktivit\u00e4ten - Villa Privileggio\",\"isPartOf\":{\"@id\":\"https:\/\/www.villa-privileggio.hr\/de\/#website\"},\"datePublished\":\"2022-02-16T09:25:07+00:00\",\"breadcrumb\":{\"@id\":\"https:\/\/www.villa-privileggio.hr\/de\/aktivitaeten\/#breadcrumb\"},\"inLanguage\":\"de\",\"potentialAction\":[{\"@type\":\"ReadAction\",\"target\":[\"https:\/\/www.villa-privileggio.hr\/de\/aktivitaeten\/\"]}]},{\"@type\":\"BreadcrumbList\",\"@id\":\"https:\/\/www.villa-privileggio.hr\/de\/aktivitaeten\/#breadcrumb\",\"itemListElement\":[{\"@type\":\"ListItem\",\"position\":1,\"name\":\"Home\",\"item\":\"https:\/\/www.villa-privileggio.hr\/de\/\"},{\"@type\":\"ListItem\",\"position\":2,\"name\":\"Aktivit\u00e4ten\"}]},{\"@type\":\"WebSite\",\"@id\":\"https:\/\/www.villa-privileggio.hr\/de\/#website\",\"url\":\"https:\/\/www.villa-privileggio.hr\/de\/\",\"name\":\"Villa Privileggio\",\"description\":\"Just another WordPress site\",\"potentialAction\":[{\"@type\":\"SearchAction\",\"target\":{\"@type\":\"EntryPoint\",\"urlTemplate\":\"https:\/\/www.villa-privileggio.hr\/de\/?s={search_term_string}\"},\"query-input\":{\"@type\":\"PropertyValueSpecification\",\"valueRequired\":true,\"valueName\":\"search_term_string\"}}],\"inLanguage\":\"de\"}]}<\/script>\n<!-- \/ Yoast SEO plugin. -->","yoast_head_json":{"title":"Aktivit\u00e4ten - Villa Privileggio","robots":{"index":"index","follow":"follow","max-snippet":"max-snippet:-1","max-image-preview":"max-image-preview:large","max-video-preview":"max-video-preview:-1"},"canonical":"https:\/\/www.villa-privileggio.hr\/de\/aktivitaeten\/","og_locale":"de_DE","og_type":"article","og_title":"Aktivit\u00e4ten - Villa Privileggio","og_description":"Ein kleines Fischerdorf in der N\u00e4he von Opatija, bekannt f\u00fcr seinen sch\u00f6nen Kiesstrand und seine ruhige Umgebung. Die Gastfreundschaft und der herzliche Empfang der Gastgeber von Mo\u0161\u0107eni\u010dka Draga werden Sie w\u00e4hrend des gesamten Aufenthalts auf Schritt und Tritt begleiten.","og_url":"https:\/\/www.villa-privileggio.hr\/de\/aktivitaeten\/","og_site_name":"Villa Privileggio","twitter_card":"summary_large_image","schema":{"@context":"https:\/\/schema.org","@graph":[{"@type":"WebPage","@id":"https:\/\/www.villa-privileggio.hr\/de\/aktivitaeten\/","url":"https:\/\/www.villa-privileggio.hr\/de\/aktivitaeten\/","name":"Aktivit\u00e4ten - Villa Privileggio","isPartOf":{"@id":"https:\/\/www.villa-privileggio.hr\/de\/#website"},"datePublished":"2022-02-16T09:25:07+00:00","breadcrumb":{"@id":"https:\/\/www.villa-privileggio.hr\/de\/aktivitaeten\/#breadcrumb"},"inLanguage":"de","potentialAction":[{"@type":"ReadAction","target":["https:\/\/www.villa-privileggio.hr\/de\/aktivitaeten\/"]}]},{"@type":"BreadcrumbList","@id":"https:\/\/www.villa-privileggio.hr\/de\/aktivitaeten\/#breadcrumb","itemListElement":[{"@type":"ListItem","position":1,"name":"Home","item":"https:\/\/www.villa-privileggio.hr\/de\/"},{"@type":"ListItem","position":2,"name":"Aktivit\u00e4ten"}]},{"@type":"WebSite","@id":"https:\/\/www.villa-privileggio.hr\/de\/#website","url":"https:\/\/www.villa-privileggio.hr\/de\/","name":"Villa Privileggio","description":"Just another WordPress site","potentialAction":[{"@type":"SearchAction","target":{"@type":"EntryPoint","urlTemplate":"https:\/\/www.villa-privileggio.hr\/de\/?s={search_term_string}"},"query-input":{"@type":"PropertyValueSpecification","valueRequired":true,"valueName":"search_term_string"}}],"inLanguage":"de"}]}},"_links":{"self":[{"href":"https:\/\/www.villa-privileggio.hr\/de\/wp-json\/wp\/v2\/pages\/325","targetHints":{"allow":["GET"]}}],"collection":[{"href":"https:\/\/www.villa-privileggio.hr\/de\/wp-json\/wp\/v2\/pages"}],"about":[{"href":"https:\/\/www.villa-privileggio.hr\/de\/wp-json\/wp\/v2\/types\/page"}],"author":[{"embeddable":true,"href":"https:\/\/www.villa-privileggio.hr\/de\/wp-json\/wp\/v2\/users\/3"}],"replies":[{"embeddable":true,"href":"https:\/\/www.villa-privileggio.hr\/de\/wp-json\/wp\/v2\/comments?post=325"}],"version-history":[{"count":0,"href":"https:\/\/www.villa-privileggio.hr\/de\/wp-json\/wp\/v2\/pages\/325\/revisions"}],"wp:attachment":[{"href":"https:\/\/www.villa-privileggio.hr\/de\/wp-json\/wp\/v2\/media?parent=325"}],"curies":[{"name":"wp","href":"https:\/\/api.w.org\/{rel}","templated":true}]}}