{"id":398,"date":"2022-02-14T15:20:26","date_gmt":"2022-02-14T15:20:26","guid":{"rendered":"https:\/\/playground.papar.hr\/villa-privileggio\/ueber-uns\/"},"modified":"2022-04-14T09:27:47","modified_gmt":"2022-04-14T09:27:47","slug":"ueber-uns","status":"publish","type":"page","link":"https:\/\/www.villa-privileggio.hr\/de\/ueber-uns\/","title":{"rendered":"\u00dcber uns"},"content":{"rendered":"<p>Das Hotel Villa Privileggio ist ein neues Luxushotel in Mo\u0161\u0107eni\u010dka Draga. Eine wundersch\u00f6ne ruhige Umgebung und pers\u00f6nlicher Service sorgen f\u00fcr einen erstklassigen Urlaub, und das freundliche Personal k\u00fcmmert sich um jedes Detail und erf\u00fcllt die W\u00fcnsche jedes Gastes. G\u00f6nnen Sie sich einen unvergesslichen Urlaub in Mo\u0161\u0107eni\u010dka Draga!<\/p>\n","protected":false},"excerpt":{"rendered":"<p>Das Hotel Villa Privileggio ist ein neues Luxushotel in Mo\u0161\u0107eni\u010dka Draga. Eine wundersch\u00f6ne ruhige Umgebung und pers\u00f6nlicher Service sorgen f\u00fcr einen erstklassigen Urlaub, und das freundliche Personal k\u00fcmmert sich um jedes Detail und erf\u00fcllt die W\u00fcnsche jedes Gastes. G\u00f6nnen Sie sich einen unvergesslichen Urlaub in Mo\u0161\u0107eni\u010dka Draga!<\/p>\n","protected":false},"author":3,"featured_media":0,"parent":0,"menu_order":0,"comment_status":"closed","ping_status":"closed","template":"about.php","meta":{"_acf_changed":false,"footnotes":""},"class_list":["post-398","page","type-page","status-publish","hentry"],"acf":[],"yoast_head":"<!-- This site is optimized with the Yoast SEO plugin v24.9 - https:\/\/yoast.com\/wordpress\/plugins\/seo\/ -->\n<title>\u00dcber uns - Villa Privileggio<\/title>\n<meta name=\"robots\" content=\"index, follow, max-snippet:-1, max-image-preview:large, max-video-preview:-1\" \/>\n<link rel=\"canonical\" href=\"https:\/\/www.villa-privileggio.hr\/de\/ueber-uns\/\" \/>\n<meta property=\"og:locale\" content=\"de_DE\" \/>\n<meta property=\"og:type\" content=\"article\" \/>\n<meta property=\"og:title\" content=\"\u00dcber uns - Villa Privileggio\" \/>\n<meta property=\"og:description\" content=\"Das Hotel Villa Privileggio ist ein neues Luxushotel in Mo\u0161\u0107eni\u010dka Draga. Eine wundersch\u00f6ne ruhige Umgebung und pers\u00f6nlicher Service sorgen f\u00fcr einen erstklassigen Urlaub, und das freundliche Personal k\u00fcmmert sich um jedes Detail und erf\u00fcllt die W\u00fcnsche jedes Gastes. G\u00f6nnen Sie sich einen unvergesslichen Urlaub in Mo\u0161\u0107eni\u010dka Draga!\" \/>\n<meta property=\"og:url\" content=\"https:\/\/www.villa-privileggio.hr\/de\/ueber-uns\/\" \/>\n<meta property=\"og:site_name\" content=\"Villa Privileggio\" \/>\n<meta property=\"article:modified_time\" content=\"2022-04-14T09:27:47+00:00\" \/>\n<meta name=\"twitter:card\" content=\"summary_large_image\" \/>\n<script type=\"application\/ld+json\" class=\"yoast-schema-graph\">{\"@context\":\"https:\/\/schema.org\",\"@graph\":[{\"@type\":\"WebPage\",\"@id\":\"https:\/\/www.villa-privileggio.hr\/de\/ueber-uns\/\",\"url\":\"https:\/\/www.villa-privileggio.hr\/de\/ueber-uns\/\",\"name\":\"\u00dcber uns - Villa Privileggio\",\"isPartOf\":{\"@id\":\"https:\/\/www.villa-privileggio.hr\/de\/#website\"},\"datePublished\":\"2022-02-14T15:20:26+00:00\",\"dateModified\":\"2022-04-14T09:27:47+00:00\",\"breadcrumb\":{\"@id\":\"https:\/\/www.villa-privileggio.hr\/de\/ueber-uns\/#breadcrumb\"},\"inLanguage\":\"de\",\"potentialAction\":[{\"@type\":\"ReadAction\",\"target\":[\"https:\/\/www.villa-privileggio.hr\/de\/ueber-uns\/\"]}]},{\"@type\":\"BreadcrumbList\",\"@id\":\"https:\/\/www.villa-privileggio.hr\/de\/ueber-uns\/#breadcrumb\",\"itemListElement\":[{\"@type\":\"ListItem\",\"position\":1,\"name\":\"Home\",\"item\":\"https:\/\/www.villa-privileggio.hr\/de\/\"},{\"@type\":\"ListItem\",\"position\":2,\"name\":\"\u00dcber uns\"}]},{\"@type\":\"WebSite\",\"@id\":\"https:\/\/www.villa-privileggio.hr\/de\/#website\",\"url\":\"https:\/\/www.villa-privileggio.hr\/de\/\",\"name\":\"Villa Privileggio\",\"description\":\"Just another WordPress site\",\"potentialAction\":[{\"@type\":\"SearchAction\",\"target\":{\"@type\":\"EntryPoint\",\"urlTemplate\":\"https:\/\/www.villa-privileggio.hr\/de\/?s={search_term_string}\"},\"query-input\":{\"@type\":\"PropertyValueSpecification\",\"valueRequired\":true,\"valueName\":\"search_term_string\"}}],\"inLanguage\":\"de\"}]}<\/script>\n<!-- \/ Yoast SEO plugin. -->","yoast_head_json":{"title":"\u00dcber uns - Villa Privileggio","robots":{"index":"index","follow":"follow","max-snippet":"max-snippet:-1","max-image-preview":"max-image-preview:large","max-video-preview":"max-video-preview:-1"},"canonical":"https:\/\/www.villa-privileggio.hr\/de\/ueber-uns\/","og_locale":"de_DE","og_type":"article","og_title":"\u00dcber uns - Villa Privileggio","og_description":"Das Hotel Villa Privileggio ist ein neues Luxushotel in Mo\u0161\u0107eni\u010dka Draga. Eine wundersch\u00f6ne ruhige Umgebung und pers\u00f6nlicher Service sorgen f\u00fcr einen erstklassigen Urlaub, und das freundliche Personal k\u00fcmmert sich um jedes Detail und erf\u00fcllt die W\u00fcnsche jedes Gastes. G\u00f6nnen Sie sich einen unvergesslichen Urlaub in Mo\u0161\u0107eni\u010dka Draga!","og_url":"https:\/\/www.villa-privileggio.hr\/de\/ueber-uns\/","og_site_name":"Villa Privileggio","article_modified_time":"2022-04-14T09:27:47+00:00","twitter_card":"summary_large_image","schema":{"@context":"https:\/\/schema.org","@graph":[{"@type":"WebPage","@id":"https:\/\/www.villa-privileggio.hr\/de\/ueber-uns\/","url":"https:\/\/www.villa-privileggio.hr\/de\/ueber-uns\/","name":"\u00dcber uns - Villa Privileggio","isPartOf":{"@id":"https:\/\/www.villa-privileggio.hr\/de\/#website"},"datePublished":"2022-02-14T15:20:26+00:00","dateModified":"2022-04-14T09:27:47+00:00","breadcrumb":{"@id":"https:\/\/www.villa-privileggio.hr\/de\/ueber-uns\/#breadcrumb"},"inLanguage":"de","potentialAction":[{"@type":"ReadAction","target":["https:\/\/www.villa-privileggio.hr\/de\/ueber-uns\/"]}]},{"@type":"BreadcrumbList","@id":"https:\/\/www.villa-privileggio.hr\/de\/ueber-uns\/#breadcrumb","itemListElement":[{"@type":"ListItem","position":1,"name":"Home","item":"https:\/\/www.villa-privileggio.hr\/de\/"},{"@type":"ListItem","position":2,"name":"\u00dcber uns"}]},{"@type":"WebSite","@id":"https:\/\/www.villa-privileggio.hr\/de\/#website","url":"https:\/\/www.villa-privileggio.hr\/de\/","name":"Villa Privileggio","description":"Just another WordPress site","potentialAction":[{"@type":"SearchAction","target":{"@type":"EntryPoint","urlTemplate":"https:\/\/www.villa-privileggio.hr\/de\/?s={search_term_string}"},"query-input":{"@type":"PropertyValueSpecification","valueRequired":true,"valueName":"search_term_string"}}],"inLanguage":"de"}]}},"_links":{"self":[{"href":"https:\/\/www.villa-privileggio.hr\/de\/wp-json\/wp\/v2\/pages\/398","targetHints":{"allow":["GET"]}}],"collection":[{"href":"https:\/\/www.villa-privileggio.hr\/de\/wp-json\/wp\/v2\/pages"}],"about":[{"href":"https:\/\/www.villa-privileggio.hr\/de\/wp-json\/wp\/v2\/types\/page"}],"author":[{"embeddable":true,"href":"https:\/\/www.villa-privileggio.hr\/de\/wp-json\/wp\/v2\/users\/3"}],"replies":[{"embeddable":true,"href":"https:\/\/www.villa-privileggio.hr\/de\/wp-json\/wp\/v2\/comments?post=398"}],"version-history":[{"count":3,"href":"https:\/\/www.villa-privileggio.hr\/de\/wp-json\/wp\/v2\/pages\/398\/revisions"}],"predecessor-version":[{"id":419,"href":"https:\/\/www.villa-privileggio.hr\/de\/wp-json\/wp\/v2\/pages\/398\/revisions\/419"}],"wp:attachment":[{"href":"https:\/\/www.villa-privileggio.hr\/de\/wp-json\/wp\/v2\/media?parent=398"}],"curies":[{"name":"wp","href":"https:\/\/api.w.org\/{rel}","templated":true}]}}