{"id":324,"date":"2022-02-16T09:25:07","date_gmt":"2022-02-16T09:25:07","guid":{"rendered":"https:\/\/playground.papar.hr\/villa-privileggio\/activities\/"},"modified":"2022-02-16T09:25:07","modified_gmt":"2022-02-16T09:25:07","slug":"activities","status":"publish","type":"page","link":"https:\/\/www.villa-privileggio.hr\/en\/activities\/","title":{"rendered":"Activities"},"content":{"rendered":"<p>A small fishing village near Opatija, known for its beautiful pebble beach and quiet surroundings. The hospitality and warm welcome of the hosts of Mo\u0161\u0107eni\u010dka Draga will accompany you every step of the way during the entire stay.<\/p>\n","protected":false},"excerpt":{"rendered":"<p>A small fishing village near Opatija, known for its beautiful pebble beach and quiet surroundings. The hospitality and warm welcome of the hosts of Mo\u0161\u0107eni\u010dka Draga will accompany you every step of the way during the entire stay.<\/p>\n","protected":false},"author":3,"featured_media":0,"parent":0,"menu_order":0,"comment_status":"closed","ping_status":"closed","template":"information.php","meta":{"_acf_changed":false,"footnotes":""},"class_list":["post-324","page","type-page","status-publish","hentry"],"acf":[],"yoast_head":"<!-- This site is optimized with the Yoast SEO plugin v24.9 - https:\/\/yoast.com\/wordpress\/plugins\/seo\/ -->\n<title>Activities - Villa Privileggio<\/title>\n<meta name=\"robots\" content=\"index, follow, max-snippet:-1, max-image-preview:large, max-video-preview:-1\" \/>\n<link rel=\"canonical\" href=\"https:\/\/www.villa-privileggio.hr\/en\/activities\/\" \/>\n<meta property=\"og:locale\" content=\"en_US\" \/>\n<meta property=\"og:type\" content=\"article\" \/>\n<meta property=\"og:title\" content=\"Activities - Villa Privileggio\" \/>\n<meta property=\"og:description\" content=\"A small fishing village near Opatija, known for its beautiful pebble beach and quiet surroundings. The hospitality and warm welcome of the hosts of Mo\u0161\u0107eni\u010dka Draga will accompany you every step of the way during the entire stay.\" \/>\n<meta property=\"og:url\" content=\"https:\/\/www.villa-privileggio.hr\/en\/activities\/\" \/>\n<meta property=\"og:site_name\" content=\"Villa Privileggio\" \/>\n<meta name=\"twitter:card\" content=\"summary_large_image\" \/>\n<script type=\"application\/ld+json\" class=\"yoast-schema-graph\">{\"@context\":\"https:\/\/schema.org\",\"@graph\":[{\"@type\":\"WebPage\",\"@id\":\"https:\/\/www.villa-privileggio.hr\/en\/activities\/\",\"url\":\"https:\/\/www.villa-privileggio.hr\/en\/activities\/\",\"name\":\"Activities - Villa Privileggio\",\"isPartOf\":{\"@id\":\"https:\/\/www.villa-privileggio.hr\/en\/#website\"},\"datePublished\":\"2022-02-16T09:25:07+00:00\",\"breadcrumb\":{\"@id\":\"https:\/\/www.villa-privileggio.hr\/en\/activities\/#breadcrumb\"},\"inLanguage\":\"en-US\",\"potentialAction\":[{\"@type\":\"ReadAction\",\"target\":[\"https:\/\/www.villa-privileggio.hr\/en\/activities\/\"]}]},{\"@type\":\"BreadcrumbList\",\"@id\":\"https:\/\/www.villa-privileggio.hr\/en\/activities\/#breadcrumb\",\"itemListElement\":[{\"@type\":\"ListItem\",\"position\":1,\"name\":\"Home\",\"item\":\"https:\/\/www.villa-privileggio.hr\/en\/\"},{\"@type\":\"ListItem\",\"position\":2,\"name\":\"Activities\"}]},{\"@type\":\"WebSite\",\"@id\":\"https:\/\/www.villa-privileggio.hr\/en\/#website\",\"url\":\"https:\/\/www.villa-privileggio.hr\/en\/\",\"name\":\"Villa Privileggio\",\"description\":\"Just another WordPress site\",\"potentialAction\":[{\"@type\":\"SearchAction\",\"target\":{\"@type\":\"EntryPoint\",\"urlTemplate\":\"https:\/\/www.villa-privileggio.hr\/en\/?s={search_term_string}\"},\"query-input\":{\"@type\":\"PropertyValueSpecification\",\"valueRequired\":true,\"valueName\":\"search_term_string\"}}],\"inLanguage\":\"en-US\"}]}<\/script>\n<!-- \/ Yoast SEO plugin. -->","yoast_head_json":{"title":"Activities - Villa Privileggio","robots":{"index":"index","follow":"follow","max-snippet":"max-snippet:-1","max-image-preview":"max-image-preview:large","max-video-preview":"max-video-preview:-1"},"canonical":"https:\/\/www.villa-privileggio.hr\/en\/activities\/","og_locale":"en_US","og_type":"article","og_title":"Activities - Villa Privileggio","og_description":"A small fishing village near Opatija, known for its beautiful pebble beach and quiet surroundings. The hospitality and warm welcome of the hosts of Mo\u0161\u0107eni\u010dka Draga will accompany you every step of the way during the entire stay.","og_url":"https:\/\/www.villa-privileggio.hr\/en\/activities\/","og_site_name":"Villa Privileggio","twitter_card":"summary_large_image","schema":{"@context":"https:\/\/schema.org","@graph":[{"@type":"WebPage","@id":"https:\/\/www.villa-privileggio.hr\/en\/activities\/","url":"https:\/\/www.villa-privileggio.hr\/en\/activities\/","name":"Activities - Villa Privileggio","isPartOf":{"@id":"https:\/\/www.villa-privileggio.hr\/en\/#website"},"datePublished":"2022-02-16T09:25:07+00:00","breadcrumb":{"@id":"https:\/\/www.villa-privileggio.hr\/en\/activities\/#breadcrumb"},"inLanguage":"en-US","potentialAction":[{"@type":"ReadAction","target":["https:\/\/www.villa-privileggio.hr\/en\/activities\/"]}]},{"@type":"BreadcrumbList","@id":"https:\/\/www.villa-privileggio.hr\/en\/activities\/#breadcrumb","itemListElement":[{"@type":"ListItem","position":1,"name":"Home","item":"https:\/\/www.villa-privileggio.hr\/en\/"},{"@type":"ListItem","position":2,"name":"Activities"}]},{"@type":"WebSite","@id":"https:\/\/www.villa-privileggio.hr\/en\/#website","url":"https:\/\/www.villa-privileggio.hr\/en\/","name":"Villa Privileggio","description":"Just another WordPress site","potentialAction":[{"@type":"SearchAction","target":{"@type":"EntryPoint","urlTemplate":"https:\/\/www.villa-privileggio.hr\/en\/?s={search_term_string}"},"query-input":{"@type":"PropertyValueSpecification","valueRequired":true,"valueName":"search_term_string"}}],"inLanguage":"en-US"}]}},"_links":{"self":[{"href":"https:\/\/www.villa-privileggio.hr\/en\/wp-json\/wp\/v2\/pages\/324","targetHints":{"allow":["GET"]}}],"collection":[{"href":"https:\/\/www.villa-privileggio.hr\/en\/wp-json\/wp\/v2\/pages"}],"about":[{"href":"https:\/\/www.villa-privileggio.hr\/en\/wp-json\/wp\/v2\/types\/page"}],"author":[{"embeddable":true,"href":"https:\/\/www.villa-privileggio.hr\/en\/wp-json\/wp\/v2\/users\/3"}],"replies":[{"embeddable":true,"href":"https:\/\/www.villa-privileggio.hr\/en\/wp-json\/wp\/v2\/comments?post=324"}],"version-history":[{"count":0,"href":"https:\/\/www.villa-privileggio.hr\/en\/wp-json\/wp\/v2\/pages\/324\/revisions"}],"wp:attachment":[{"href":"https:\/\/www.villa-privileggio.hr\/en\/wp-json\/wp\/v2\/media?parent=324"}],"curies":[{"name":"wp","href":"https:\/\/api.w.org\/{rel}","templated":true}]}}